{"id":606,"date":"2026-01-13T17:17:31","date_gmt":"2026-01-13T17:17:31","guid":{"rendered":"https:\/\/lorenamorlote.com\/prueba\/?page_id=606"},"modified":"2026-02-27T12:05:18","modified_gmt":"2026-02-27T12:05:18","slug":"tratamientos-de-belleza-madrid-y-marbella","status":"publish","type":"page","link":"https:\/\/lorenamorlote.com\/prueba\/tratamientos-de-belleza-madrid-y-marbella\/","title":{"rendered":"Tratamientos de belleza"},"content":{"rendered":"<div class=\"et_pb_section_0 et_pb_section et_section_regular et_flex_section\">\n<div class=\"et_pb_row_0 et_pb_row et_flex_row\">\n<div class=\"et_pb_column_0 et_pb_column et_flex_column et_pb_column_empty et_pb_css_mix_blend_mode_passthrough et_flex_column_24_24 et_flex_column_24_24_tablet et_flex_column_24_24_phone et_flex_column_24_24_tabletWide\"><\/div>\n\n<div class=\"et_pb_column_1 et_pb_column et-last-child et_flex_column et_pb_css_mix_blend_mode_passthrough et_flex_column_24_24 et_flex_column_24_24_tablet et_flex_column_24_24_phone et_flex_column_24_24_tabletWide\">\n<div class=\"et_pb_post_title_0 et_pb_post_title et_pb_bg_layout_dark et_pb_text_align_right et_pb_text_align_center-phone et_animated et_pb_module et_flex_module\"><div class=\"et_pb_title_container\"><h1 class=\"entry-title\">Tratamientos de belleza<\/h1><\/div><\/div>\n\n<div class=\"et_pb_text_0 et_pb_text et_pb_bg_layout_dark et_animated et_pb_module et_flex_module\"><div class=\"et_pb_text_inner\"><p>Disponemos de un \u00e1rea especializada dedicada al cuidado integral del rostro y el cuerpo. Nuestro objetivo es realzar la belleza natural a trav\u00e9s de protocolos que aportan bienestar y resultados visibles.<\/p>\n<\/div><\/div>\n\n<div class=\"et_pb_module et_pb_button_module_wrapper et_pb_button_0_wrapper\"><a class=\"et_pb_button_0 et_pb_button et_pb_bg_layout_dark et_animated et_pb_module et_flex_module\" href=\"https:\/\/www.fresha.com\/es\/a\/lorena-morlote-multiespacio-madrid-calle-de-jose-abascal-52-tdrs36mo?pId=1422404\" target=\"_blank\">Reservar<\/a><\/div>\n<\/div>\n<\/div>\n<\/div>\n\n<div class=\"et_pb_section_1 et_pb_section et_section_regular et_flex_section\">\n<div class=\"et_pb_row_1 et_pb_row et_flex_row\">\n<div class=\"et_pb_column_2 et_pb_column et-last-child et_flex_column et_pb_css_mix_blend_mode_passthrough et_flex_column_24_24 et_flex_column_24_24_tablet et_flex_column_24_24_phone et_flex_column_24_24_tabletWide\">\n<div class=\"et_pb_text_1 et_pb_text et_pb_bg_layout_light et_pb_module et_flex_module\"><div class=\"et_pb_text_inner\"><h2>Cuidado integral del rostro y el cuerpo<\/h2>\n<\/div><\/div>\n<\/div>\n<\/div>\n\n<div class=\"et_pb_row_2 et_pb_row et_flex_row et_animated\">\n<div class=\"et_pb_column_3 et_pb_column et-last-child et_flex_column et_pb_css_mix_blend_mode_passthrough et_flex_column_24_24 et_flex_column_24_24_tablet et_flex_column_24_24_phone et_flex_column_24_24_tabletWide\">\n<div class=\"et_pb_text_2 et_pb_text et_pb_bg_layout_light et_pb_module et_flex_module\"><div class=\"et_pb_text_inner\"><p>En Lorena Morlote ofrecemos una cuidada selecci\u00f3n de <strong>tratamientos de belleza en Madrid y Marbella<\/strong>, dise\u00f1ados para proporcionar un cuidado integral del rostro y el cuerpo en un <strong>entorno exclusivo<\/strong>. Nuestro objetivo es realzar la belleza natural de cada persona a trav\u00e9s de protocolos personalizados que combinan bienestar, t\u00e9cnica y <strong>resultados visibles<\/strong>.<\/p>\n<\/div><\/div>\n\n<div class=\"et_pb_text_3 et_pb_text et_pb_bg_layout_light et_pb_module et_flex_module\"><div class=\"et_pb_text_inner\"><p>Disponemos de un \u00e1rea especializada dedicada al cuidado est\u00e9tico, concebida como un <strong>espacio de calma y atenci\u00f3n individualizada<\/strong>, donde cada tratamiento se adapta a las necesidades espec\u00edficas de la piel y a los rasgos de cada cliente.<\/p>\n<\/div><\/div>\n<\/div>\n<\/div>\n<\/div>\n\n<div class=\"et_pb_section_2 et_pb_section et_section_regular et_flex_section\">\n<div class=\"et_pb_row_3 et_pb_row et_flex_row\">\n<div class=\"et_pb_column_4 et_pb_column et-last-child et_flex_column et_pb_css_mix_blend_mode_passthrough et_flex_column_24_24 et_flex_column_24_24_tablet et_flex_column_24_24_phone et_flex_column_24_24_tabletWide\">\n<div class=\"et_pb_text_4 et_pb_text et_pb_bg_layout_light et_pb_module et_flex_module\"><div class=\"et_pb_text_inner\"><h2>Tratamientos de belleza personalizados con resultados visibles<\/h2>\n<\/div><\/div>\n<\/div>\n<\/div>\n\n<div class=\"et_pb_row_4 et_pb_row et_flex_row et_animated\">\n<div class=\"et_pb_column_5 et_pb_column et_flex_column et_pb_css_mix_blend_mode_passthrough et_flex_column_12_24 et_flex_column_12_24_tablet et_flex_column_24_24_phone et_flex_column_12_24_tabletWide\">\n<div class=\"et_pb_text_5 et_pb_text et_pb_bg_layout_light et_pb_module et_flex_module\"><div class=\"et_pb_text_inner\"><p>Nuestros centros de belleza en Madrid y Marbella cuentan con un equipo profesional altamente cualificado que trabaja con t\u00e9cnicas avanzadas y productos de alta calidad. Cada tratamiento est\u00e1 pensado para ofrecer una experiencia sensorial \u00fanica, garantizando eficacia, confort y un resultado natural y sofisticado.<\/p>\n<p>En Lorena Morlote entendemos la belleza como un equilibrio entre imagen y bienestar. Por ello, cada sesi\u00f3n no solo mejora el aspecto exterior, sino que aporta una sensaci\u00f3n de <strong>cuidado profundo y armon\u00eda<\/strong>.<\/p>\n<\/div><\/div>\n<\/div>\n\n<div class=\"et_pb_column_6 et_pb_column et-last-child et_flex_column et_pb_css_mix_blend_mode_passthrough et_flex_column_12_24 et_flex_column_12_24_tablet et_flex_column_24_24_phone et_flex_column_12_24_tabletWide\">\n<div class=\"et_pb_image_0 et_pb_image et_pb_module et_flex_module\"><span class=\"et_pb_image_wrap\"><img loading=\"lazy\" decoding=\"async\" src=\"https:\/\/lorenamorlote.com\/prueba\/wp-content\/uploads\/2026\/01\/depilacion-facial.jpg\" alt=\"Tratamientos belleza Lorena Morlote Madrid y Marbella\" title=\"Depilaci\u00f3n con hilos Lorena Morlote\" width=\"1350\" height=\"900\" srcset=\"https:\/\/lorenamorlote.com\/prueba\/wp-content\/uploads\/2026\/01\/depilacion-facial.jpg 1350w, https:\/\/lorenamorlote.com\/prueba\/wp-content\/uploads\/2026\/01\/depilacion-facial-1280x853.jpg 1280w, https:\/\/lorenamorlote.com\/prueba\/wp-content\/uploads\/2026\/01\/depilacion-facial-980x653.jpg 980w, https:\/\/lorenamorlote.com\/prueba\/wp-content\/uploads\/2026\/01\/depilacion-facial-480x320.jpg 480w\" sizes=\"(min-width: 0px) and (max-width: 480px) 480px, (min-width: 481px) and (max-width: 980px) 980px, (min-width: 981px) and (max-width: 1280px) 1280px, (min-width: 1281px) 1350px, 100vw\" class=\"wp-image-617\" \/><\/span><\/div>\n<\/div>\n<\/div>\n<\/div>\n\n<div class=\"et_pb_section_3 et_pb_section et_section_regular et_flex_section\">\n<div class=\"et_pb_row_5 et_pb_row et_flex_row\">\n<div class=\"et_pb_column_7 et_pb_column et-last-child et_flex_column et_pb_css_mix_blend_mode_passthrough et_flex_column_24_24 et_flex_column_24_24_tablet et_flex_column_24_24_phone et_flex_column_24_24_tabletWide\">\n<div class=\"et_pb_text_6 et_pb_text et_pb_bg_layout_light et_pb_module et_flex_module\"><div class=\"et_pb_text_inner\"><h2>Servicios de belleza destacados<\/h2>\n<\/div><\/div>\n<\/div>\n<\/div>\n\n<div class=\"et_pb_row_6 et_pb_row et_flex_row\">\n<div class=\"et_pb_column_8 et_pb_column et_flex_column et_pb_css_mix_blend_mode_passthrough et_animated et_flex_column_6_24 et_flex_column_12_24_tablet et_flex_column_24_24_phone et_flex_column_12_24_tabletWide\">\n<div class=\"et_pb_text_7 et_pb_text et_pb_bg_layout_dark et_pb_module et_flex_module\"><div class=\"et_pb_text_inner\"><h3>Tratamientos de mascarilla corporal<\/h3>\n<p>Orientados a hidratar, nutrir y revitalizar la piel.<\/p>\n<\/div><\/div>\n<\/div>\n\n<div class=\"et_pb_column_9 et_pb_column et_flex_column et_pb_css_mix_blend_mode_passthrough et_animated et_flex_column_6_24 et_flex_column_12_24_tablet et_flex_column_24_24_phone et_flex_column_12_24_tabletWide\">\n<div class=\"et_pb_text_8 et_pb_text et_pb_bg_layout_dark et_pb_module et_flex_module\"><div class=\"et_pb_text_inner\"><h3>Depilaci\u00f3n facial<\/h3>\n<p>Precisa y respetuosa con las zonas m\u00e1s sensibles.<\/p>\n<\/div><\/div>\n<\/div>\n\n<div class=\"et_pb_column_10 et_pb_column et_flex_column et_pb_css_mix_blend_mode_passthrough et_animated et_flex_column_6_24 et_flex_column_12_24_tablet et_flex_column_24_24_phone et_flex_column_12_24_tabletWide\">\n<div class=\"et_pb_text_9 et_pb_text et_pb_bg_layout_dark et_pb_module et_flex_module\"><div class=\"et_pb_text_inner\"><h3>Lifting y tinte de pesta\u00f1as y cejas<\/h3>\n<p>Para realzar la mirada de forma natural.<\/p>\n<\/div><\/div>\n<\/div>\n\n<div class=\"et_pb_column_11 et_pb_column et-last-child et_flex_column et_pb_css_mix_blend_mode_passthrough et_animated et_flex_column_6_24 et_flex_column_12_24_tablet et_flex_column_24_24_phone et_flex_column_12_24_tabletWide\">\n<div class=\"et_pb_text_10 et_pb_text et_pb_bg_layout_dark et_pb_module et_flex_module\"><div class=\"et_pb_text_inner\"><h3>Dise\u00f1o y depilaci\u00f3n de cejas <\/h3>\n<p>Personalizados seg\u00fan la morfolog\u00eda facial.<\/p>\n<\/div><\/div>\n<\/div>\n<\/div>\n<\/div>\n\n<div class=\"et_pb_section_4 et_pb_section et_section_regular et_flex_section\">\n<div class=\"et_pb_row_7 et_pb_row et_flex_row\"><div class=\"et_pb_column_12 et_pb_column et_flex_column et_pb_css_mix_blend_mode_passthrough et_flex_column_8_24 et_flex_column_8_24_tablet et_flex_column_24_24_phone et_flex_column_8_24_tabletWide\"><div class=\"et_pb_module et_pb_button_module_wrapper et_pb_button_1_wrapper\"><a class=\"et_pb_button_1 et_pb_button et_pb_bg_layout_light et_pb_module et_flex_module\" href=\"https:\/\/www.fresha.com\/es\/a\/lorena-morlote-multiespacio-madrid-calle-de-jose-abascal-52-tdrs36mo?pId=1422404\" target=\"_blank\">Reservar Madrid online<\/a><\/div><\/div><div class=\"et_pb_column_13 et_pb_column et_flex_column et_pb_css_mix_blend_mode_passthrough et_flex_column_8_24 et_flex_column_8_24_tablet et_flex_column_24_24_phone et_flex_column_8_24_tabletWide\"><div class=\"et_pb_module et_pb_button_module_wrapper et_pb_button_2_wrapper\"><a class=\"et_pb_button_2 et_pb_button et_pb_bg_layout_light et_pb_module et_flex_module\" href=\"tel:+34915781206\" target=\"_blank\">Contacto Madrid<\/a><\/div><\/div><div class=\"et_pb_column_14 et_pb_column et-last-child et_flex_column et_pb_css_mix_blend_mode_passthrough et_flex_column_8_24 et_flex_column_8_24_tablet et_flex_column_24_24_phone et_flex_column_8_24_tabletWide\"><div class=\"et_pb_module et_pb_button_module_wrapper et_pb_button_3_wrapper\"><a class=\"et_pb_button_3 et_pb_button et_pb_bg_layout_light et_pb_module et_flex_module\" href=\"tel:+34647815914\" target=\"_blank\">Contacto Marbella<\/a><\/div><\/div><\/div>\n<\/div>","protected":false},"excerpt":{"rendered":"<p>Disponemos de un \u00e1rea especializada dedicada al cuidado integral del rostro y el cuerpo. Nuestro objetivo es realzar la belleza natural a trav\u00e9s de protocolos que aportan bienestar y resultados visibles.<\/p>\n","protected":false},"author":3,"featured_media":109,"parent":0,"menu_order":0,"comment_status":"closed","ping_status":"closed","template":"","meta":{"footnotes":""},"class_list":["post-606","page","type-page","status-publish","has-post-thumbnail","hentry"],"yoast_head":"<!-- This site is optimized with the Yoast SEO plugin v27.5 - https:\/\/yoast.com\/product\/yoast-seo-wordpress\/ -->\n<title>Tratamientos de belleza | Lorena Morlote<\/title>\n<meta name=\"description\" content=\"Explora nuestros tratamientos de belleza exclusivos en Madrid: cuidado de piel, bienestar y looks completos para resaltar tu mejor versi\u00f3n.\" \/>\n<meta name=\"robots\" content=\"index, follow, max-snippet:-1, max-image-preview:large, max-video-preview:-1\" \/>\n<link rel=\"canonical\" href=\"https:\/\/lorenamorlote.com\/prueba\/tratamientos-de-belleza-madrid-y-marbella\/\" \/>\n<meta property=\"og:locale\" content=\"es_ES\" \/>\n<meta property=\"og:type\" content=\"article\" \/>\n<meta property=\"og:title\" content=\"Tratamientos de belleza | Lorena Morlote\" \/>\n<meta property=\"og:description\" content=\"Explora nuestros tratamientos de belleza exclusivos en Madrid: cuidado de piel, bienestar y looks completos para resaltar tu mejor versi\u00f3n.\" \/>\n<meta property=\"og:url\" content=\"https:\/\/lorenamorlote.com\/prueba\/tratamientos-de-belleza-madrid-y-marbella\/\" \/>\n<meta property=\"og:site_name\" content=\"Lorena Morlote\" \/>\n<meta property=\"article:publisher\" content=\"https:\/\/www.facebook.com\/lorenamorlotemultiespacio\/\" \/>\n<meta property=\"article:modified_time\" content=\"2026-02-27T12:05:18+00:00\" \/>\n<meta property=\"og:image\" content=\"https:\/\/lorenamorlote.com\/prueba\/wp-content\/uploads\/2025\/11\/tratamientos-belleza.jpg\" \/>\n\t<meta property=\"og:image:width\" content=\"1350\" \/>\n\t<meta property=\"og:image:height\" content=\"900\" \/>\n\t<meta property=\"og:image:type\" content=\"image\/jpeg\" \/>\n<meta name=\"twitter:card\" content=\"summary_large_image\" \/>\n<meta name=\"twitter:site\" content=\"@LorenaMorlote\" \/>\n<meta name=\"twitter:label1\" content=\"Tiempo de lectura\" \/>\n\t<meta name=\"twitter:data1\" content=\"1 minuto\" \/>\n<script type=\"application\/ld+json\" class=\"yoast-schema-graph\">{\"@context\":\"https:\\\/\\\/schema.org\",\"@graph\":[{\"@type\":\"WebPage\",\"@id\":\"https:\\\/\\\/lorenamorlote.com\\\/prueba\\\/tratamientos-de-belleza-madrid-y-marbella\\\/\",\"url\":\"https:\\\/\\\/lorenamorlote.com\\\/prueba\\\/tratamientos-de-belleza-madrid-y-marbella\\\/\",\"name\":\"Tratamientos de belleza | Lorena Morlote\",\"isPartOf\":{\"@id\":\"https:\\\/\\\/lorenamorlote.com\\\/prueba\\\/#website\"},\"primaryImageOfPage\":{\"@id\":\"https:\\\/\\\/lorenamorlote.com\\\/prueba\\\/tratamientos-de-belleza-madrid-y-marbella\\\/#primaryimage\"},\"image\":{\"@id\":\"https:\\\/\\\/lorenamorlote.com\\\/prueba\\\/tratamientos-de-belleza-madrid-y-marbella\\\/#primaryimage\"},\"thumbnailUrl\":\"https:\\\/\\\/lorenamorlote.com\\\/prueba\\\/wp-content\\\/uploads\\\/2025\\\/11\\\/tratamientos-belleza.jpg\",\"datePublished\":\"2026-01-13T17:17:31+00:00\",\"dateModified\":\"2026-02-27T12:05:18+00:00\",\"description\":\"Explora nuestros tratamientos de belleza exclusivos en Madrid: cuidado de piel, bienestar y looks completos para resaltar tu mejor versi\u00f3n.\",\"breadcrumb\":{\"@id\":\"https:\\\/\\\/lorenamorlote.com\\\/prueba\\\/tratamientos-de-belleza-madrid-y-marbella\\\/#breadcrumb\"},\"inLanguage\":\"es\",\"potentialAction\":[{\"@type\":\"ReadAction\",\"target\":[\"https:\\\/\\\/lorenamorlote.com\\\/prueba\\\/tratamientos-de-belleza-madrid-y-marbella\\\/\"]}]},{\"@type\":\"ImageObject\",\"inLanguage\":\"es\",\"@id\":\"https:\\\/\\\/lorenamorlote.com\\\/prueba\\\/tratamientos-de-belleza-madrid-y-marbella\\\/#primaryimage\",\"url\":\"https:\\\/\\\/lorenamorlote.com\\\/prueba\\\/wp-content\\\/uploads\\\/2025\\\/11\\\/tratamientos-belleza.jpg\",\"contentUrl\":\"https:\\\/\\\/lorenamorlote.com\\\/prueba\\\/wp-content\\\/uploads\\\/2025\\\/11\\\/tratamientos-belleza.jpg\",\"width\":1350,\"height\":900,\"caption\":\"Centro de belleza Lorena Morlote en Madrid y Marbella\"},{\"@type\":\"BreadcrumbList\",\"@id\":\"https:\\\/\\\/lorenamorlote.com\\\/prueba\\\/tratamientos-de-belleza-madrid-y-marbella\\\/#breadcrumb\",\"itemListElement\":[{\"@type\":\"ListItem\",\"position\":1,\"name\":\"Portada\",\"item\":\"https:\\\/\\\/lorenamorlote.com\\\/prueba\\\/\"},{\"@type\":\"ListItem\",\"position\":2,\"name\":\"Tratamientos de belleza\"}]},{\"@type\":\"WebSite\",\"@id\":\"https:\\\/\\\/lorenamorlote.com\\\/prueba\\\/#website\",\"url\":\"https:\\\/\\\/lorenamorlote.com\\\/prueba\\\/\",\"name\":\"Lorena Morlote\",\"description\":\"Alta peluquer\u00eda Madrid y Marbella\",\"publisher\":{\"@id\":\"https:\\\/\\\/lorenamorlote.com\\\/prueba\\\/#organization\"},\"alternateName\":\"lorenamorlote.com\",\"potentialAction\":[{\"@type\":\"SearchAction\",\"target\":{\"@type\":\"EntryPoint\",\"urlTemplate\":\"https:\\\/\\\/lorenamorlote.com\\\/prueba\\\/?s={search_term_string}\"},\"query-input\":{\"@type\":\"PropertyValueSpecification\",\"valueRequired\":true,\"valueName\":\"search_term_string\"}}],\"inLanguage\":\"es\"},{\"@type\":\"Organization\",\"@id\":\"https:\\\/\\\/lorenamorlote.com\\\/prueba\\\/#organization\",\"name\":\"Lorena Morlote\",\"alternateName\":\"Lorena Morlote Beauty & Art\",\"url\":\"https:\\\/\\\/lorenamorlote.com\\\/prueba\\\/\",\"logo\":{\"@type\":\"ImageObject\",\"inLanguage\":\"es\",\"@id\":\"https:\\\/\\\/lorenamorlote.com\\\/prueba\\\/#\\\/schema\\\/logo\\\/image\\\/\",\"url\":\"https:\\\/\\\/lorenamorlote.com\\\/prueba\\\/wp-content\\\/uploads\\\/2026\\\/02\\\/lorena-morlote-logo-replicado-corte_peque.png\",\"contentUrl\":\"https:\\\/\\\/lorenamorlote.com\\\/prueba\\\/wp-content\\\/uploads\\\/2026\\\/02\\\/lorena-morlote-logo-replicado-corte_peque.png\",\"width\":333,\"height\":200,\"caption\":\"Lorena Morlote\"},\"image\":{\"@id\":\"https:\\\/\\\/lorenamorlote.com\\\/prueba\\\/#\\\/schema\\\/logo\\\/image\\\/\"},\"sameAs\":[\"https:\\\/\\\/www.facebook.com\\\/lorenamorlotemultiespacio\\\/\",\"https:\\\/\\\/x.com\\\/LorenaMorlote\",\"https:\\\/\\\/www.instagram.com\\\/lorenamorlotemultiespacio\\\/?hl=es\",\"https:\\\/\\\/www.tiktok.com\\\/@lorenamorlotemulti\",\"https:\\\/\\\/www.youtube.com\\\/channel\\\/UCuWE1M6cAcoc_AAU8tDkTyw\"]}]}<\/script>\n<!-- \/ Yoast SEO plugin. -->","yoast_head_json":{"title":"Tratamientos de belleza | Lorena Morlote","description":"Explora nuestros tratamientos de belleza exclusivos en Madrid: cuidado de piel, bienestar y looks completos para resaltar tu mejor versi\u00f3n.","robots":{"index":"index","follow":"follow","max-snippet":"max-snippet:-1","max-image-preview":"max-image-preview:large","max-video-preview":"max-video-preview:-1"},"canonical":"https:\/\/lorenamorlote.com\/prueba\/tratamientos-de-belleza-madrid-y-marbella\/","og_locale":"es_ES","og_type":"article","og_title":"Tratamientos de belleza | Lorena Morlote","og_description":"Explora nuestros tratamientos de belleza exclusivos en Madrid: cuidado de piel, bienestar y looks completos para resaltar tu mejor versi\u00f3n.","og_url":"https:\/\/lorenamorlote.com\/prueba\/tratamientos-de-belleza-madrid-y-marbella\/","og_site_name":"Lorena Morlote","article_publisher":"https:\/\/www.facebook.com\/lorenamorlotemultiespacio\/","article_modified_time":"2026-02-27T12:05:18+00:00","og_image":[{"width":1350,"height":900,"url":"https:\/\/lorenamorlote.com\/prueba\/wp-content\/uploads\/2025\/11\/tratamientos-belleza.jpg","type":"image\/jpeg"}],"twitter_card":"summary_large_image","twitter_site":"@LorenaMorlote","twitter_misc":{"Tiempo de lectura":"1 minuto"},"schema":{"@context":"https:\/\/schema.org","@graph":[{"@type":"WebPage","@id":"https:\/\/lorenamorlote.com\/prueba\/tratamientos-de-belleza-madrid-y-marbella\/","url":"https:\/\/lorenamorlote.com\/prueba\/tratamientos-de-belleza-madrid-y-marbella\/","name":"Tratamientos de belleza | Lorena Morlote","isPartOf":{"@id":"https:\/\/lorenamorlote.com\/prueba\/#website"},"primaryImageOfPage":{"@id":"https:\/\/lorenamorlote.com\/prueba\/tratamientos-de-belleza-madrid-y-marbella\/#primaryimage"},"image":{"@id":"https:\/\/lorenamorlote.com\/prueba\/tratamientos-de-belleza-madrid-y-marbella\/#primaryimage"},"thumbnailUrl":"https:\/\/lorenamorlote.com\/prueba\/wp-content\/uploads\/2025\/11\/tratamientos-belleza.jpg","datePublished":"2026-01-13T17:17:31+00:00","dateModified":"2026-02-27T12:05:18+00:00","description":"Explora nuestros tratamientos de belleza exclusivos en Madrid: cuidado de piel, bienestar y looks completos para resaltar tu mejor versi\u00f3n.","breadcrumb":{"@id":"https:\/\/lorenamorlote.com\/prueba\/tratamientos-de-belleza-madrid-y-marbella\/#breadcrumb"},"inLanguage":"es","potentialAction":[{"@type":"ReadAction","target":["https:\/\/lorenamorlote.com\/prueba\/tratamientos-de-belleza-madrid-y-marbella\/"]}]},{"@type":"ImageObject","inLanguage":"es","@id":"https:\/\/lorenamorlote.com\/prueba\/tratamientos-de-belleza-madrid-y-marbella\/#primaryimage","url":"https:\/\/lorenamorlote.com\/prueba\/wp-content\/uploads\/2025\/11\/tratamientos-belleza.jpg","contentUrl":"https:\/\/lorenamorlote.com\/prueba\/wp-content\/uploads\/2025\/11\/tratamientos-belleza.jpg","width":1350,"height":900,"caption":"Centro de belleza Lorena Morlote en Madrid y Marbella"},{"@type":"BreadcrumbList","@id":"https:\/\/lorenamorlote.com\/prueba\/tratamientos-de-belleza-madrid-y-marbella\/#breadcrumb","itemListElement":[{"@type":"ListItem","position":1,"name":"Portada","item":"https:\/\/lorenamorlote.com\/prueba\/"},{"@type":"ListItem","position":2,"name":"Tratamientos de belleza"}]},{"@type":"WebSite","@id":"https:\/\/lorenamorlote.com\/prueba\/#website","url":"https:\/\/lorenamorlote.com\/prueba\/","name":"Lorena Morlote","description":"Alta peluquer\u00eda Madrid y Marbella","publisher":{"@id":"https:\/\/lorenamorlote.com\/prueba\/#organization"},"alternateName":"lorenamorlote.com","potentialAction":[{"@type":"SearchAction","target":{"@type":"EntryPoint","urlTemplate":"https:\/\/lorenamorlote.com\/prueba\/?s={search_term_string}"},"query-input":{"@type":"PropertyValueSpecification","valueRequired":true,"valueName":"search_term_string"}}],"inLanguage":"es"},{"@type":"Organization","@id":"https:\/\/lorenamorlote.com\/prueba\/#organization","name":"Lorena Morlote","alternateName":"Lorena Morlote Beauty & Art","url":"https:\/\/lorenamorlote.com\/prueba\/","logo":{"@type":"ImageObject","inLanguage":"es","@id":"https:\/\/lorenamorlote.com\/prueba\/#\/schema\/logo\/image\/","url":"https:\/\/lorenamorlote.com\/prueba\/wp-content\/uploads\/2026\/02\/lorena-morlote-logo-replicado-corte_peque.png","contentUrl":"https:\/\/lorenamorlote.com\/prueba\/wp-content\/uploads\/2026\/02\/lorena-morlote-logo-replicado-corte_peque.png","width":333,"height":200,"caption":"Lorena Morlote"},"image":{"@id":"https:\/\/lorenamorlote.com\/prueba\/#\/schema\/logo\/image\/"},"sameAs":["https:\/\/www.facebook.com\/lorenamorlotemultiespacio\/","https:\/\/x.com\/LorenaMorlote","https:\/\/www.instagram.com\/lorenamorlotemultiespacio\/?hl=es","https:\/\/www.tiktok.com\/@lorenamorlotemulti","https:\/\/www.youtube.com\/channel\/UCuWE1M6cAcoc_AAU8tDkTyw"]}]}},"_links":{"self":[{"href":"https:\/\/lorenamorlote.com\/prueba\/wp-json\/wp\/v2\/pages\/606","targetHints":{"allow":["GET"]}}],"collection":[{"href":"https:\/\/lorenamorlote.com\/prueba\/wp-json\/wp\/v2\/pages"}],"about":[{"href":"https:\/\/lorenamorlote.com\/prueba\/wp-json\/wp\/v2\/types\/page"}],"author":[{"embeddable":true,"href":"https:\/\/lorenamorlote.com\/prueba\/wp-json\/wp\/v2\/users\/3"}],"replies":[{"embeddable":true,"href":"https:\/\/lorenamorlote.com\/prueba\/wp-json\/wp\/v2\/comments?post=606"}],"version-history":[{"count":8,"href":"https:\/\/lorenamorlote.com\/prueba\/wp-json\/wp\/v2\/pages\/606\/revisions"}],"predecessor-version":[{"id":1247,"href":"https:\/\/lorenamorlote.com\/prueba\/wp-json\/wp\/v2\/pages\/606\/revisions\/1247"}],"wp:featuredmedia":[{"embeddable":true,"href":"https:\/\/lorenamorlote.com\/prueba\/wp-json\/wp\/v2\/media\/109"}],"wp:attachment":[{"href":"https:\/\/lorenamorlote.com\/prueba\/wp-json\/wp\/v2\/media?parent=606"}],"curies":[{"name":"wp","href":"https:\/\/api.w.org\/{rel}","templated":true}]}}